{"id":1045,"date":"2020-01-21T11:16:21","date_gmt":"2020-01-21T10:16:21","guid":{"rendered":"https:\/\/k-p-praezisionstechnik.de\/?page_id=1045"},"modified":"2020-01-27T17:26:53","modified_gmt":"2020-01-27T16:26:53","slug":"supply-chain-management","status":"publish","type":"page","link":"https:\/\/k-p-praezisionstechnik.de\/en\/supply-chain-management\/","title":{"rendered":"Supply-chain-management"},"content":{"rendered":"<div class=\"vc_row wpb_row vc_row-fluid\"><div class=\"wpb_column vc_column_container vc_col-sm-12\"><div class=\"vc_column-inner\"><div class=\"wpb_wrapper\"><div class=\"vc_empty_space\"   style=\"height: 90px\"><span class=\"vc_empty_space_inner\"><\/span><\/div><\/div><\/div><\/div><\/div><div data-vc-full-width=\"true\" data-vc-full-width-init=\"false\" data-vc-stretch-content=\"true\" class=\"vc_row wpb_row vc_row-fluid vc_custom_1579603709946 vc_row-has-fill\"><div class=\"wpb_column vc_column_container vc_col-sm-12\"><div class=\"vc_column-inner\"><div class=\"wpb_wrapper\"><div class=\"vc_empty_space\"   style=\"height: 150px\"><span class=\"vc_empty_space_inner\"><\/span><\/div>\n\t<div class=\"wpb_text_column wpb_content_element\" >\n\t\t<div class=\"wpb_wrapper\">\n\t\t\t<h1 style=\"text-align: center;\"><span style=\"color: #ffffff;\">Supply-chain-management<\/span><\/h1>\n\n\t\t<\/div>\n\t<\/div>\n<div class=\"vc_empty_space\"   style=\"height: 150px\"><span class=\"vc_empty_space_inner\"><\/span><\/div><\/div><\/div><\/div><\/div><div class=\"vc_row-full-width vc_clearfix\"><\/div><div data-vc-full-width=\"true\" data-vc-full-width-init=\"false\" data-vc-stretch-content=\"true\" class=\"vc_row wpb_row vc_row-fluid vc_custom_1579603301206 vc_row-has-fill\"><div class=\"wpb_column vc_column_container vc_col-sm-3\"><div class=\"vc_column-inner\"><div class=\"wpb_wrapper\"><\/div><\/div><\/div><div class=\"wpb_column vc_column_container vc_col-sm-6\"><div class=\"vc_column-inner\"><div class=\"wpb_wrapper\"><div class=\"vc_empty_space\"   style=\"height: 40px\"><span class=\"vc_empty_space_inner\"><\/span><\/div>\n\t<div class=\"wpb_text_column wpb_content_element\" >\n\t\t<div class=\"wpb_wrapper\">\n\t\t\t<h2 style=\"text-align: left;\">Supply-chain-management<\/h2>\n\n\t\t<\/div>\n\t<\/div>\n<div class=\"vc_separator wpb_content_element vc_separator_align_center vc_sep_width_100 vc_sep_pos_align_center vc_separator_no_text\" ><span class=\"vc_sep_holder vc_sep_holder_l\"><span  style=\"border-color:#555555;\" class=\"vc_sep_line\"><\/span><\/span><span class=\"vc_sep_holder vc_sep_holder_r\"><span  style=\"border-color:#555555;\" class=\"vc_sep_line\"><\/span><\/span>\n<\/div>\n\t<div class=\"wpb_text_column wpb_content_element\" >\n\t\t<div class=\"wpb_wrapper\">\n\t\t\t<h3>Many steps lead to your product!<\/h3>\n<p>Our company takes over all processes for you, from raw material procurement to surface finishing.<br \/>\nEven complex national material procurement is not a problem for us.<br \/>\nWith regard to surface finishing, we work with a powerful network of partner companies to produce your optimal surface.<br \/>\nWe can offer the following surface and heat treatment processes:<\/p>\n<ul>\n<li>Nitriding<\/li>\n<li>Case Hardening<\/li>\n<li>Vacuum Hardening<\/li>\n<li>Stress Relieving<\/li>\n<li>Induction Hardening<\/li>\n<li>Anodizing<\/li>\n<li>Hard Anodizing<\/li>\n<li>KTL and Powder Coating<\/li>\n<li>Wet Painting<\/li>\n<li>Cadmation, Galvanizing, ...<\/li>\n<\/ul>\n\n\t\t<\/div>\n\t<\/div>\n<div class=\"vc_empty_space\"   style=\"height: 40px\"><span class=\"vc_empty_space_inner\"><\/span><\/div><\/div><\/div><\/div><\/div><div class=\"vc_row-full-width vc_clearfix\"><\/div>","protected":false},"excerpt":{"rendered":"Supply-chain-management Supply-chain-management Viele Schritte f\u00fchren zu Ihrem Produkt! Unser Unternehmen \u00fcbernimmt f\u00fcr Sie alle Prozesse von Rohmaterialbeschaffung bis zur Oberfl\u00e4chenveredelung. Auch komplexe \u00fcberregionale Materialbeschaffung ist f\u00fcr uns kein Problem. Hinsichtlich Oberfl\u00e4chenveredelung arbeiten wir mit einem leistungsf\u00e4higen Netzwerk an Partnerbetrieben um Ihre optimale Oberfl\u00e4che herzustellen. Folgende Oberfl\u00e4chen- und W\u00e4rmebehandlungsverfahren k\u00f6nnen wir anbieten: Nitrieren Einsatzh\u00e4rten Vakuumh\u00e4rten Spannungsarmgl\u00fchen [...]","protected":false},"author":1,"featured_media":0,"parent":0,"menu_order":0,"comment_status":"closed","ping_status":"closed","template":"fullwidth-page.php","meta":{"footnotes":""},"class_list":["post-1045","page","type-page","status-publish","hentry"],"yoast_head":"<!-- This site is optimized with the Yoast SEO plugin v27.4 - https:\/\/yoast.com\/product\/yoast-seo-wordpress\/ -->\n<title>Supply-chain-management - KP Pr\u00e4zisionstechnik<\/title>\n<meta name=\"robots\" content=\"index, follow, max-snippet:-1, max-image-preview:large, max-video-preview:-1\" \/>\n<link rel=\"canonical\" href=\"https:\/\/k-p-praezisionstechnik.de\/en\/supply-chain-management\/\" \/>\n<meta property=\"og:locale\" content=\"en_GB\" \/>\n<meta property=\"og:type\" content=\"article\" \/>\n<meta property=\"og:title\" content=\"Supply-chain-management - KP Pr\u00e4zisionstechnik\" \/>\n<meta property=\"og:url\" content=\"https:\/\/k-p-praezisionstechnik.de\/en\/supply-chain-management\/\" \/>\n<meta property=\"og:site_name\" content=\"KP Pr\u00e4zisionstechnik\" \/>\n<meta property=\"article:modified_time\" content=\"2020-01-27T16:26:53+00:00\" \/>\n<meta name=\"twitter:card\" content=\"summary_large_image\" \/>\n<meta name=\"twitter:label1\" content=\"Estimated reading time\" \/>\n\t<meta name=\"twitter:data1\" content=\"1 minute\" \/>\n<script type=\"application\/ld+json\" class=\"yoast-schema-graph\">{\"@context\":\"https:\\\/\\\/schema.org\",\"@graph\":[{\"@type\":\"WebPage\",\"@id\":\"https:\\\/\\\/k-p-praezisionstechnik.de\\\/en\\\/supply-chain-management\\\/\",\"url\":\"https:\\\/\\\/k-p-praezisionstechnik.de\\\/en\\\/supply-chain-management\\\/\",\"name\":\"Supply-chain-management - KP Pr\u00e4zisionstechnik\",\"isPartOf\":{\"@id\":\"https:\\\/\\\/k-p-praezisionstechnik.de\\\/#website\"},\"datePublished\":\"2020-01-21T10:16:21+00:00\",\"dateModified\":\"2020-01-27T16:26:53+00:00\",\"breadcrumb\":{\"@id\":\"https:\\\/\\\/k-p-praezisionstechnik.de\\\/en\\\/supply-chain-management\\\/#breadcrumb\"},\"inLanguage\":\"en-GB\",\"potentialAction\":[{\"@type\":\"ReadAction\",\"target\":[\"https:\\\/\\\/k-p-praezisionstechnik.de\\\/en\\\/supply-chain-management\\\/\"]}]},{\"@type\":\"BreadcrumbList\",\"@id\":\"https:\\\/\\\/k-p-praezisionstechnik.de\\\/en\\\/supply-chain-management\\\/#breadcrumb\",\"itemListElement\":[{\"@type\":\"ListItem\",\"position\":1,\"name\":\"Startseite\",\"item\":\"https:\\\/\\\/k-p-praezisionstechnik.de\\\/\"},{\"@type\":\"ListItem\",\"position\":2,\"name\":\"Supply-chain-management\"}]},{\"@type\":\"WebSite\",\"@id\":\"https:\\\/\\\/k-p-praezisionstechnik.de\\\/#website\",\"url\":\"https:\\\/\\\/k-p-praezisionstechnik.de\\\/\",\"name\":\"KP Pr\u00e4zisionstechnik\",\"description\":\"72574 Bad Urach\",\"potentialAction\":[{\"@type\":\"SearchAction\",\"target\":{\"@type\":\"EntryPoint\",\"urlTemplate\":\"https:\\\/\\\/k-p-praezisionstechnik.de\\\/?s={search_term_string}\"},\"query-input\":{\"@type\":\"PropertyValueSpecification\",\"valueRequired\":true,\"valueName\":\"search_term_string\"}}],\"inLanguage\":\"en-GB\"}]}<\/script>\n<!-- \/ Yoast SEO plugin. -->","yoast_head_json":{"title":"Supply-chain-management - KP Pr\u00e4zisionstechnik","robots":{"index":"index","follow":"follow","max-snippet":"max-snippet:-1","max-image-preview":"max-image-preview:large","max-video-preview":"max-video-preview:-1"},"canonical":"https:\/\/k-p-praezisionstechnik.de\/en\/supply-chain-management\/","og_locale":"en_GB","og_type":"article","og_title":"Supply-chain-management - KP Pr\u00e4zisionstechnik","og_url":"https:\/\/k-p-praezisionstechnik.de\/en\/supply-chain-management\/","og_site_name":"KP Pr\u00e4zisionstechnik","article_modified_time":"2020-01-27T16:26:53+00:00","twitter_card":"summary_large_image","twitter_misc":{"Estimated reading time":"1 minute"},"schema":{"@context":"https:\/\/schema.org","@graph":[{"@type":"WebPage","@id":"https:\/\/k-p-praezisionstechnik.de\/en\/supply-chain-management\/","url":"https:\/\/k-p-praezisionstechnik.de\/en\/supply-chain-management\/","name":"Supply-chain-management - KP Pr\u00e4zisionstechnik","isPartOf":{"@id":"https:\/\/k-p-praezisionstechnik.de\/#website"},"datePublished":"2020-01-21T10:16:21+00:00","dateModified":"2020-01-27T16:26:53+00:00","breadcrumb":{"@id":"https:\/\/k-p-praezisionstechnik.de\/en\/supply-chain-management\/#breadcrumb"},"inLanguage":"en-GB","potentialAction":[{"@type":"ReadAction","target":["https:\/\/k-p-praezisionstechnik.de\/en\/supply-chain-management\/"]}]},{"@type":"BreadcrumbList","@id":"https:\/\/k-p-praezisionstechnik.de\/en\/supply-chain-management\/#breadcrumb","itemListElement":[{"@type":"ListItem","position":1,"name":"Startseite","item":"https:\/\/k-p-praezisionstechnik.de\/"},{"@type":"ListItem","position":2,"name":"Supply-chain-management"}]},{"@type":"WebSite","@id":"https:\/\/k-p-praezisionstechnik.de\/#website","url":"https:\/\/k-p-praezisionstechnik.de\/","name":"KP Pr\u00e4zisionstechnik","description":"72574 Bad Urach","potentialAction":[{"@type":"SearchAction","target":{"@type":"EntryPoint","urlTemplate":"https:\/\/k-p-praezisionstechnik.de\/?s={search_term_string}"},"query-input":{"@type":"PropertyValueSpecification","valueRequired":true,"valueName":"search_term_string"}}],"inLanguage":"en-GB"}]}},"_links":{"self":[{"href":"https:\/\/k-p-praezisionstechnik.de\/en\/wp-json\/wp\/v2\/pages\/1045","targetHints":{"allow":["GET"]}}],"collection":[{"href":"https:\/\/k-p-praezisionstechnik.de\/en\/wp-json\/wp\/v2\/pages"}],"about":[{"href":"https:\/\/k-p-praezisionstechnik.de\/en\/wp-json\/wp\/v2\/types\/page"}],"author":[{"embeddable":true,"href":"https:\/\/k-p-praezisionstechnik.de\/en\/wp-json\/wp\/v2\/users\/1"}],"replies":[{"embeddable":true,"href":"https:\/\/k-p-praezisionstechnik.de\/en\/wp-json\/wp\/v2\/comments?post=1045"}],"version-history":[{"count":7,"href":"https:\/\/k-p-praezisionstechnik.de\/en\/wp-json\/wp\/v2\/pages\/1045\/revisions"}],"predecessor-version":[{"id":1186,"href":"https:\/\/k-p-praezisionstechnik.de\/en\/wp-json\/wp\/v2\/pages\/1045\/revisions\/1186"}],"wp:attachment":[{"href":"https:\/\/k-p-praezisionstechnik.de\/en\/wp-json\/wp\/v2\/media?parent=1045"}],"curies":[{"name":"wp","href":"https:\/\/api.w.org\/{rel}","templated":true}]}}