{"id":1125,"date":"2020-01-27T16:23:50","date_gmt":"2020-01-27T15:23:50","guid":{"rendered":"https:\/\/k-p-praezisionstechnik.de\/?page_id=1125"},"modified":"2020-01-27T16:29:06","modified_gmt":"2020-01-27T15:29:06","slug":"maschinenpark","status":"publish","type":"page","link":"https:\/\/k-p-praezisionstechnik.de\/en\/maschinenpark\/","title":{"rendered":"Machinery"},"content":{"rendered":"<div class=\"vc_row wpb_row vc_row-fluid\"><div class=\"wpb_column vc_column_container vc_col-sm-12\"><div class=\"vc_column-inner\"><div class=\"wpb_wrapper\"><div class=\"vc_empty_space\"   style=\"height: 90px\"><span class=\"vc_empty_space_inner\"><\/span><\/div><\/div><\/div><\/div><\/div><div data-vc-full-width=\"true\" data-vc-full-width-init=\"false\" data-vc-stretch-content=\"true\" class=\"vc_row wpb_row vc_row-fluid vc_custom_1579517050029 vc_row-has-fill\"><div class=\"wpb_column vc_column_container vc_col-sm-12\"><div class=\"vc_column-inner\"><div class=\"wpb_wrapper\"><div class=\"vc_empty_space\"   style=\"height: 150px\"><span class=\"vc_empty_space_inner\"><\/span><\/div>\n\t<div class=\"wpb_text_column wpb_content_element\" >\n\t\t<div class=\"wpb_wrapper\">\n\t\t\t<h1 style=\"text-align: center;\"><span style=\"color: #ffffff;\">Machinery<\/span><\/h1>\n\n\t\t<\/div>\n\t<\/div>\n<div class=\"vc_empty_space\"   style=\"height: 150px\"><span class=\"vc_empty_space_inner\"><\/span><\/div><\/div><\/div><\/div><\/div><div class=\"vc_row-full-width vc_clearfix\"><\/div><div data-vc-full-width=\"true\" data-vc-full-width-init=\"false\" data-vc-stretch-content=\"true\" class=\"vc_row wpb_row vc_row-fluid vc_custom_1579599468975 vc_row-has-fill\"><div class=\"wpb_column vc_column_container vc_col-sm-12\"><div class=\"vc_column-inner\"><div class=\"wpb_wrapper\"><div class=\"vc_empty_space\"   style=\"height: 40px\"><span class=\"vc_empty_space_inner\"><\/span><\/div><\/div><\/div><\/div><div class=\"wpb_column vc_column_container vc_col-sm-2\"><div class=\"vc_column-inner\"><div class=\"wpb_wrapper\"><\/div><\/div><\/div><div class=\"wpb_column vc_column_container vc_col-sm-4\"><div class=\"vc_column-inner\"><div class=\"wpb_wrapper\">\n\t<div  class=\"wpb_single_image wpb_content_element vc_align_center\">\n\t\t\n\t\t<figure class=\"wpb_wrapper vc_figure\">\n\t\t\t<div class=\"vc_single_image-wrapper   vc_box_border_grey\"><img loading=\"lazy\" decoding=\"async\" width=\"800\" height=\"533\" src=\"https:\/\/k-p-praezisionstechnik.de\/wp-content\/uploads\/2020\/01\/vf3ss.jpg\" class=\"vc_single_image-img attachment-full\" alt=\"\" srcset=\"https:\/\/k-p-praezisionstechnik.de\/wp-content\/uploads\/2020\/01\/vf3ss.jpg 800w, https:\/\/k-p-praezisionstechnik.de\/wp-content\/uploads\/2020\/01\/vf3ss-300x200.jpg 300w, https:\/\/k-p-praezisionstechnik.de\/wp-content\/uploads\/2020\/01\/vf3ss-768x512.jpg 768w, https:\/\/k-p-praezisionstechnik.de\/wp-content\/uploads\/2020\/01\/vf3ss-20x13.jpg 20w\" sizes=\"auto, (max-width: 800px) 100vw, 800px\" \/><\/div>\n\t\t<\/figure>\n\t<\/div>\n\n\t<div class=\"wpb_text_column wpb_content_element\" >\n\t\t<div class=\"wpb_wrapper\">\n\t\t\t<h2 style=\"text-align: left;\"><strong>HAAS VF-3SS<\/strong><\/h2>\n\n\t\t<\/div>\n\t<\/div>\n<div class=\"vc_separator wpb_content_element vc_separator_align_center vc_sep_width_100 vc_sep_pos_align_center vc_separator_no_text\" ><span class=\"vc_sep_holder vc_sep_holder_l\"><span  style=\"border-color:#555555;\" class=\"vc_sep_line\"><\/span><\/span><span class=\"vc_sep_holder vc_sep_holder_r\"><span  style=\"border-color:#555555;\" class=\"vc_sep_line\"><\/span><\/span>\n<\/div>\n\t<div class=\"wpb_text_column wpb_content_element\" >\n\t\t<div class=\"wpb_wrapper\">\n\t\t\t<p style=\"text-align: left;\">The high-quality vertical machining center from Haas for high-performance machining offers high spindle speeds and fast tool changes to generate large volumes, as well as shorter cycle times. Every SS machine has a direct drive spindle with 12000 rpm, an ultra-fast sidebar and high speed for all axes.<\/p>\n\n\t\t<\/div>\n\t<\/div>\n<div class=\"vc_empty_space\"   style=\"height: 40px\"><span class=\"vc_empty_space_inner\"><\/span><\/div><\/div><\/div><\/div><div class=\"wpb_column vc_column_container vc_col-sm-1\"><div class=\"vc_column-inner\"><div class=\"wpb_wrapper\"><\/div><\/div><\/div><div class=\"wpb_column vc_column_container vc_col-sm-4\"><div class=\"vc_column-inner\"><div class=\"wpb_wrapper\">\n\t<div  class=\"wpb_single_image wpb_content_element vc_align_center\">\n\t\t\n\t\t<figure class=\"wpb_wrapper vc_figure\">\n\t\t\t<div class=\"vc_single_image-wrapper   vc_box_border_grey\"><img loading=\"lazy\" decoding=\"async\" width=\"800\" height=\"533\" src=\"https:\/\/k-p-praezisionstechnik.de\/wp-content\/uploads\/2020\/01\/vm6.jpg\" class=\"vc_single_image-img attachment-full\" alt=\"\" srcset=\"https:\/\/k-p-praezisionstechnik.de\/wp-content\/uploads\/2020\/01\/vm6.jpg 800w, https:\/\/k-p-praezisionstechnik.de\/wp-content\/uploads\/2020\/01\/vm6-300x200.jpg 300w, https:\/\/k-p-praezisionstechnik.de\/wp-content\/uploads\/2020\/01\/vm6-768x512.jpg 768w, https:\/\/k-p-praezisionstechnik.de\/wp-content\/uploads\/2020\/01\/vm6-20x13.jpg 20w\" sizes=\"auto, (max-width: 800px) 100vw, 800px\" \/><\/div>\n\t\t<\/figure>\n\t<\/div>\n\n\t<div class=\"wpb_text_column wpb_content_element\" >\n\t\t<div class=\"wpb_wrapper\">\n\t\t\t<h2 style=\"text-align: left;\"><strong>HAAS VM-6<\/strong><\/h2>\n\n\t\t<\/div>\n\t<\/div>\n<div class=\"vc_separator wpb_content_element vc_separator_align_center vc_sep_width_100 vc_sep_pos_align_center vc_separator_no_text\" ><span class=\"vc_sep_holder vc_sep_holder_l\"><span  style=\"border-color:#555555;\" class=\"vc_sep_line\"><\/span><\/span><span class=\"vc_sep_holder vc_sep_holder_r\"><span  style=\"border-color:#555555;\" class=\"vc_sep_line\"><\/span><\/span>\n<\/div>\n\t<div class=\"wpb_text_column wpb_content_element\" >\n\t\t<div class=\"wpb_wrapper\">\n\t\t\t<p>Vertical machining center for 64 \u201cx 32 \u2033 x 30 \u2033 (1626 x 813 x 762 mm) with 40 cones, 3 axes, up to 12,000 rpm, 24 + 1 tool, is a powerful machine that is precision, hardness and thermal Stability enables you to achieve the desired workpieces in a high-precision industry. The VM-6 has a spacious work cube, a multi-ring table and a direct drive spindle with 12,000 rpm. The standard functions include a full-surface Haas quick release control, a tool changer with lateral displacement, a programmable coolant nozzle and an automatic air gun.<\/p>\n\n\t\t<\/div>\n\t<\/div>\n<div class=\"vc_empty_space\"   style=\"height: 40px\"><span class=\"vc_empty_space_inner\"><\/span><\/div><\/div><\/div><\/div><\/div><div class=\"vc_row-full-width vc_clearfix\"><\/div><div data-vc-full-width=\"true\" data-vc-full-width-init=\"false\" data-vc-stretch-content=\"true\" class=\"vc_row wpb_row vc_row-fluid vc_custom_1579599468975 vc_row-has-fill\"><div class=\"wpb_column vc_column_container vc_col-sm-2\"><div class=\"vc_column-inner\"><div class=\"wpb_wrapper\"><\/div><\/div><\/div><div class=\"wpb_column vc_column_container vc_col-sm-4\"><div class=\"vc_column-inner\"><div class=\"wpb_wrapper\">\n\t<div  class=\"wpb_single_image wpb_content_element vc_align_center\">\n\t\t\n\t\t<figure class=\"wpb_wrapper vc_figure\">\n\t\t\t<div class=\"vc_single_image-wrapper   vc_box_border_grey\"><img loading=\"lazy\" decoding=\"async\" width=\"800\" height=\"533\" src=\"https:\/\/k-p-praezisionstechnik.de\/wp-content\/uploads\/2020\/01\/umc750.jpg\" class=\"vc_single_image-img attachment-full\" alt=\"\" srcset=\"https:\/\/k-p-praezisionstechnik.de\/wp-content\/uploads\/2020\/01\/umc750.jpg 800w, https:\/\/k-p-praezisionstechnik.de\/wp-content\/uploads\/2020\/01\/umc750-300x200.jpg 300w, https:\/\/k-p-praezisionstechnik.de\/wp-content\/uploads\/2020\/01\/umc750-768x512.jpg 768w, https:\/\/k-p-praezisionstechnik.de\/wp-content\/uploads\/2020\/01\/umc750-20x13.jpg 20w\" sizes=\"auto, (max-width: 800px) 100vw, 800px\" \/><\/div>\n\t\t<\/figure>\n\t<\/div>\n\n\t<div class=\"wpb_text_column wpb_content_element\" >\n\t\t<div class=\"wpb_wrapper\">\n\t\t\t<h2 style=\"text-align: left;\"><strong>HAAS UMC-750\u00a0x 2<\/strong><\/h2>\n\n\t\t<\/div>\n\t<\/div>\n<div class=\"vc_separator wpb_content_element vc_separator_align_center vc_sep_width_100 vc_sep_pos_align_center vc_separator_no_text\" ><span class=\"vc_sep_holder vc_sep_holder_l\"><span  style=\"border-color:#555555;\" class=\"vc_sep_line\"><\/span><\/span><span class=\"vc_sep_holder vc_sep_holder_r\"><span  style=\"border-color:#555555;\" class=\"vc_sep_line\"><\/span><\/span>\n<\/div>\n\t<div class=\"wpb_text_column wpb_content_element\" >\n\t\t<div class=\"wpb_wrapper\">\n\t\t\t<p style=\"text-align: left;\">High quality vertical machining center with 5 axes; 30 \u2033 x 20 \u2033 x 20 \u2033 (762 x 508 x 508 mm), with integrated rotary table with 2 axes, 40 cones, 30 HP (22.4 kW), 8100 rpm, inline direct drive, 40+ 1 side tool change , 1200 Ipm speed (30.5 m \/ min), spindle orientation, macros, rotation and scaling coordinates, wireless intuitive probing.<\/p>\n\n\t\t<\/div>\n\t<\/div>\n<div class=\"vc_empty_space\"   style=\"height: 40px\"><span class=\"vc_empty_space_inner\"><\/span><\/div><\/div><\/div><\/div><div class=\"wpb_column vc_column_container vc_col-sm-1\"><div class=\"vc_column-inner\"><div class=\"wpb_wrapper\"><\/div><\/div><\/div><div class=\"wpb_column vc_column_container vc_col-sm-4\"><div class=\"vc_column-inner\"><div class=\"wpb_wrapper\">\n\t<div  class=\"wpb_single_image wpb_content_element vc_align_center\">\n\t\t\n\t\t<figure class=\"wpb_wrapper vc_figure\">\n\t\t\t<div class=\"vc_single_image-wrapper   vc_box_border_grey\"><img loading=\"lazy\" decoding=\"async\" width=\"800\" height=\"533\" src=\"https:\/\/k-p-praezisionstechnik.de\/wp-content\/uploads\/2020\/01\/vf9.jpg\" class=\"vc_single_image-img attachment-full\" alt=\"\" srcset=\"https:\/\/k-p-praezisionstechnik.de\/wp-content\/uploads\/2020\/01\/vf9.jpg 800w, https:\/\/k-p-praezisionstechnik.de\/wp-content\/uploads\/2020\/01\/vf9-300x200.jpg 300w, https:\/\/k-p-praezisionstechnik.de\/wp-content\/uploads\/2020\/01\/vf9-768x512.jpg 768w, https:\/\/k-p-praezisionstechnik.de\/wp-content\/uploads\/2020\/01\/vf9-20x13.jpg 20w\" sizes=\"auto, (max-width: 800px) 100vw, 800px\" \/><\/div>\n\t\t<\/figure>\n\t<\/div>\n\n\t<div class=\"wpb_text_column wpb_content_element\" >\n\t\t<div class=\"wpb_wrapper\">\n\t\t\t<h2 style=\"text-align: left;\"><strong>HAAS VF-9\/40<\/strong><\/h2>\n\n\t\t<\/div>\n\t<\/div>\n<div class=\"vc_separator wpb_content_element vc_separator_align_center vc_sep_width_100 vc_sep_pos_align_center vc_separator_no_text\" ><span class=\"vc_sep_holder vc_sep_holder_l\"><span  style=\"border-color:#555555;\" class=\"vc_sep_line\"><\/span><\/span><span class=\"vc_sep_holder vc_sep_holder_r\"><span  style=\"border-color:#555555;\" class=\"vc_sep_line\"><\/span><\/span>\n<\/div>\n\t<div class=\"wpb_text_column wpb_content_element\" >\n\t\t<div class=\"wpb_wrapper\">\n\t\t\t<p>Vertical machining center; 2134 x 1016 x 762 mm, 40 cones, 30 vector drive, 8100 rpm, direct drive, 24 + 1-sided tool holder, 15.2 m \/ min speed, automatic chips, programmable cooling nozzle, 1 GB memory, 15 inch Color LCD monitor, USB connection, Ethernet.<\/p>\n\n\t\t<\/div>\n\t<\/div>\n<div class=\"vc_empty_space\"   style=\"height: 40px\"><span class=\"vc_empty_space_inner\"><\/span><\/div><\/div><\/div><\/div><\/div><div class=\"vc_row-full-width vc_clearfix\"><\/div><div data-vc-full-width=\"true\" data-vc-full-width-init=\"false\" data-vc-stretch-content=\"true\" class=\"vc_row wpb_row vc_row-fluid vc_custom_1579599468975 vc_row-has-fill\"><div class=\"wpb_column vc_column_container vc_col-sm-2\"><div class=\"vc_column-inner\"><div class=\"wpb_wrapper\"><\/div><\/div><\/div><div class=\"wpb_column vc_column_container vc_col-sm-4\"><div class=\"vc_column-inner\"><div class=\"wpb_wrapper\">\n\t<div  class=\"wpb_single_image wpb_content_element vc_align_center\">\n\t\t\n\t\t<figure class=\"wpb_wrapper vc_figure\">\n\t\t\t<div class=\"vc_single_image-wrapper   vc_box_border_grey\"><img loading=\"lazy\" decoding=\"async\" width=\"600\" height=\"450\" src=\"https:\/\/k-p-praezisionstechnik.de\/wp-content\/uploads\/2020\/01\/vm3.jpg\" class=\"vc_single_image-img attachment-full\" alt=\"\" srcset=\"https:\/\/k-p-praezisionstechnik.de\/wp-content\/uploads\/2020\/01\/vm3.jpg 600w, https:\/\/k-p-praezisionstechnik.de\/wp-content\/uploads\/2020\/01\/vm3-300x225.jpg 300w, https:\/\/k-p-praezisionstechnik.de\/wp-content\/uploads\/2020\/01\/vm3-20x15.jpg 20w\" sizes=\"auto, (max-width: 600px) 100vw, 600px\" \/><\/div>\n\t\t<\/figure>\n\t<\/div>\n\n\t<div class=\"wpb_text_column wpb_content_element\" >\n\t\t<div class=\"wpb_wrapper\">\n\t\t\t<h2 style=\"text-align: left;\"><strong>HAAS VM-3<\/strong><\/h2>\n\n\t\t<\/div>\n\t<\/div>\n<div class=\"vc_separator wpb_content_element vc_separator_align_center vc_sep_width_100 vc_sep_pos_align_center vc_separator_no_text\" ><span class=\"vc_sep_holder vc_sep_holder_l\"><span  style=\"border-color:#555555;\" class=\"vc_sep_line\"><\/span><\/span><span class=\"vc_sep_holder vc_sep_holder_r\"><span  style=\"border-color:#555555;\" class=\"vc_sep_line\"><\/span><\/span>\n<\/div>\n\t<div class=\"wpb_text_column wpb_content_element\" >\n\t\t<div class=\"wpb_wrapper\">\n\t\t\t<p style=\"text-align: left;\">The vertical machining center with travels of 40 \"x 26\" x 25 \"(1016 x 660 x 635 mm), as well as the entire HAAS VM series is a high-performance machine that is ideal for the production of high-precision industrial workpieces. The machine corresponding to the series has a large work cube, a multi-ring table and a direct drive spindle with 12,000 rpm and vector drive.<\/p>\n\n\t\t<\/div>\n\t<\/div>\n<div class=\"vc_empty_space\"   style=\"height: 40px\"><span class=\"vc_empty_space_inner\"><\/span><\/div><\/div><\/div><\/div><div class=\"wpb_column vc_column_container vc_col-sm-1\"><div class=\"vc_column-inner\"><div class=\"wpb_wrapper\"><\/div><\/div><\/div><div class=\"wpb_column vc_column_container vc_col-sm-4\"><div class=\"vc_column-inner\"><div class=\"wpb_wrapper\">\n\t<div  class=\"wpb_single_image wpb_content_element vc_align_center\">\n\t\t\n\t\t<figure class=\"wpb_wrapper vc_figure\">\n\t\t\t<div class=\"vc_single_image-wrapper   vc_box_border_grey\"><img loading=\"lazy\" decoding=\"async\" width=\"760\" height=\"533\" src=\"https:\/\/k-p-praezisionstechnik.de\/wp-content\/uploads\/2020\/01\/cncvf6s.jpg\" class=\"vc_single_image-img attachment-full\" alt=\"\" srcset=\"https:\/\/k-p-praezisionstechnik.de\/wp-content\/uploads\/2020\/01\/cncvf6s.jpg 760w, https:\/\/k-p-praezisionstechnik.de\/wp-content\/uploads\/2020\/01\/cncvf6s-300x210.jpg 300w, https:\/\/k-p-praezisionstechnik.de\/wp-content\/uploads\/2020\/01\/cncvf6s-20x14.jpg 20w\" sizes=\"auto, (max-width: 760px) 100vw, 760px\" \/><\/div>\n\t\t<\/figure>\n\t<\/div>\n\n\t<div class=\"wpb_text_column wpb_content_element\" >\n\t\t<div class=\"wpb_wrapper\">\n\t\t\t<h2 style=\"text-align: left;\"><strong>HAAS VF-6\/40<\/strong><\/h2>\n\n\t\t<\/div>\n\t<\/div>\n<div class=\"vc_separator wpb_content_element vc_separator_align_center vc_sep_width_100 vc_sep_pos_align_center vc_separator_no_text\" ><span class=\"vc_sep_holder vc_sep_holder_l\"><span  style=\"border-color:#555555;\" class=\"vc_sep_line\"><\/span><\/span><span class=\"vc_sep_holder vc_sep_holder_r\"><span  style=\"border-color:#555555;\" class=\"vc_sep_line\"><\/span><\/span>\n<\/div>\n\t<div class=\"wpb_text_column wpb_content_element\" >\n\t\t<div class=\"wpb_wrapper\">\n\t\t\t<p>Vertical machining center; Vector drive 64 \u2033 x 32 \u2033 x 30 \u2033 (1626 x 813 x 762 mm), 40 cones, 30 HP (22.4 kW), 8100 rpm, inline direct drive, 30 + 1 side processing tool, 600 frames per minute 15, 2 m \/ min) rapids, automatic chips, programmable cooling nozzle, color remote control, power recognition module, 1 GB memory, 15-inch color LCD monitor, USB connection, tapping and 95 gallons (360 liters).<\/p>\n\n\t\t<\/div>\n\t<\/div>\n<div class=\"vc_empty_space\"   style=\"height: 40px\"><span class=\"vc_empty_space_inner\"><\/span><\/div><\/div><\/div><\/div><\/div><div class=\"vc_row-full-width vc_clearfix\"><\/div><div data-vc-full-width=\"true\" data-vc-full-width-init=\"false\" data-vc-stretch-content=\"true\" class=\"vc_row wpb_row vc_row-fluid vc_custom_1579599468975 vc_row-has-fill\"><div class=\"wpb_column vc_column_container vc_col-sm-2\"><div class=\"vc_column-inner\"><div class=\"wpb_wrapper\"><\/div><\/div><\/div><div class=\"wpb_column vc_column_container vc_col-sm-4\"><div class=\"vc_column-inner\"><div class=\"wpb_wrapper\">\n\t<div  class=\"wpb_single_image wpb_content_element vc_align_center\">\n\t\t\n\t\t<figure class=\"wpb_wrapper vc_figure\">\n\t\t\t<div class=\"vc_single_image-wrapper   vc_box_border_grey\"><img loading=\"lazy\" decoding=\"async\" width=\"800\" height=\"533\" src=\"https:\/\/k-p-praezisionstechnik.de\/wp-content\/uploads\/2020\/01\/dm1.jpg\" class=\"vc_single_image-img attachment-full\" alt=\"\" srcset=\"https:\/\/k-p-praezisionstechnik.de\/wp-content\/uploads\/2020\/01\/dm1.jpg 800w, https:\/\/k-p-praezisionstechnik.de\/wp-content\/uploads\/2020\/01\/dm1-300x200.jpg 300w, https:\/\/k-p-praezisionstechnik.de\/wp-content\/uploads\/2020\/01\/dm1-768x512.jpg 768w, https:\/\/k-p-praezisionstechnik.de\/wp-content\/uploads\/2020\/01\/dm1-20x13.jpg 20w\" sizes=\"auto, (max-width: 800px) 100vw, 800px\" \/><\/div>\n\t\t<\/figure>\n\t<\/div>\n\n\t<div class=\"wpb_text_column wpb_content_element\" >\n\t\t<div class=\"wpb_wrapper\">\n\t\t\t<h2 style=\"text-align: left;\"><strong>HAAS DM-1<\/strong><\/h2>\n\n\t\t<\/div>\n\t<\/div>\n<div class=\"vc_separator wpb_content_element vc_separator_align_center vc_sep_width_100 vc_sep_pos_align_center vc_separator_no_text\" ><span class=\"vc_sep_holder vc_sep_holder_l\"><span  style=\"border-color:#555555;\" class=\"vc_sep_line\"><\/span><\/span><span class=\"vc_sep_holder vc_sep_holder_r\"><span  style=\"border-color:#555555;\" class=\"vc_sep_line\"><\/span><\/span>\n<\/div>\n\t<div class=\"wpb_text_column wpb_content_element\" >\n\t\t<div class=\"wpb_wrapper\">\n\t\t\t<p style=\"text-align: left;\">Drilling \/ milling machine; Vector drive of 20 \u2033 x 16 \u2033 x 15.5 \u2033 (508 x 406 x 394 mm), 40 cones, 15 hp (11.2 kW) vector drive, speed 2400 ipm (61 m \/ min), speed 18 + 1 side cover , a current detection module, 1 GB memory access program, 15-inch color LCD monitor, USB connection, memory lock key, a fixed lid and a 55-gallon water cooling system (208 l).<\/p>\n\n\t\t<\/div>\n\t<\/div>\n<div class=\"vc_empty_space\"   style=\"height: 40px\"><span class=\"vc_empty_space_inner\"><\/span><\/div><\/div><\/div><\/div><div class=\"wpb_column vc_column_container vc_col-sm-1\"><div class=\"vc_column-inner\"><div class=\"wpb_wrapper\"><\/div><\/div><\/div><\/div><div class=\"vc_row-full-width vc_clearfix\"><\/div><div class=\"wpb_column vc_column_container vc_col-sm-3\"><div class=\"vc_column-inner\"><div class=\"wpb_wrapper\"><\/div><\/div><\/div><div class=\"wpb_column vc_column_container vc_col-sm-6\"><div class=\"vc_column-inner\"><div class=\"wpb_wrapper\"><\/div><\/div><\/div>","protected":false},"excerpt":{"rendered":"Maschinenpark HAAS VF-3SS Das hochwertige vertikale Bearbeitungszentrum von Haas f\u00fcr Hochleistungsbearbeitung bietet hohe Spindeldrehzahlen und einen schnellen Werkzeugwechsel, um gro\u00dfen Umfang zu erzeugen, sowie k\u00fcrzere Zykluszeiten. Jede SS-Maschine hat eine Direktantriebsspindel mit 12000 U\/min, eine ultraschnelle Seitenleiste und eine hohe Geschwindigkeit f\u00fcr alle Achsen. HAAS VM-6 Vertikales Bearbeitungszentrum f\u00fcr 64 \" x 32\" x 30\" [...]","protected":false},"author":1,"featured_media":0,"parent":0,"menu_order":0,"comment_status":"closed","ping_status":"closed","template":"fullwidth-page.php","meta":{"footnotes":""},"class_list":["post-1125","page","type-page","status-publish","hentry"],"yoast_head":"<!-- This site is optimized with the Yoast SEO plugin v27.4 - https:\/\/yoast.com\/product\/yoast-seo-wordpress\/ -->\n<title>Maschinenpark - KP Pr\u00e4zisionstechnik<\/title>\n<meta name=\"robots\" content=\"index, follow, max-snippet:-1, max-image-preview:large, max-video-preview:-1\" \/>\n<link rel=\"canonical\" href=\"https:\/\/k-p-praezisionstechnik.de\/en\/maschinenpark\/\" \/>\n<meta property=\"og:locale\" content=\"en_GB\" \/>\n<meta property=\"og:type\" content=\"article\" \/>\n<meta property=\"og:title\" content=\"Maschinenpark - KP Pr\u00e4zisionstechnik\" \/>\n<meta property=\"og:url\" content=\"https:\/\/k-p-praezisionstechnik.de\/en\/maschinenpark\/\" \/>\n<meta property=\"og:site_name\" content=\"KP Pr\u00e4zisionstechnik\" \/>\n<meta property=\"article:modified_time\" content=\"2020-01-27T15:29:06+00:00\" \/>\n<meta name=\"twitter:card\" content=\"summary_large_image\" \/>\n<meta name=\"twitter:label1\" content=\"Estimated reading time\" \/>\n\t<meta name=\"twitter:data1\" content=\"4 minutes\" \/>\n<script type=\"application\/ld+json\" class=\"yoast-schema-graph\">{\"@context\":\"https:\\\/\\\/schema.org\",\"@graph\":[{\"@type\":\"WebPage\",\"@id\":\"https:\\\/\\\/k-p-praezisionstechnik.de\\\/maschinenpark\\\/\",\"url\":\"https:\\\/\\\/k-p-praezisionstechnik.de\\\/maschinenpark\\\/\",\"name\":\"Maschinenpark - KP Pr\u00e4zisionstechnik\",\"isPartOf\":{\"@id\":\"https:\\\/\\\/k-p-praezisionstechnik.de\\\/#website\"},\"datePublished\":\"2020-01-27T15:23:50+00:00\",\"dateModified\":\"2020-01-27T15:29:06+00:00\",\"breadcrumb\":{\"@id\":\"https:\\\/\\\/k-p-praezisionstechnik.de\\\/maschinenpark\\\/#breadcrumb\"},\"inLanguage\":\"en-GB\",\"potentialAction\":[{\"@type\":\"ReadAction\",\"target\":[\"https:\\\/\\\/k-p-praezisionstechnik.de\\\/maschinenpark\\\/\"]}]},{\"@type\":\"BreadcrumbList\",\"@id\":\"https:\\\/\\\/k-p-praezisionstechnik.de\\\/maschinenpark\\\/#breadcrumb\",\"itemListElement\":[{\"@type\":\"ListItem\",\"position\":1,\"name\":\"Startseite\",\"item\":\"https:\\\/\\\/k-p-praezisionstechnik.de\\\/\"},{\"@type\":\"ListItem\",\"position\":2,\"name\":\"Maschinenpark\"}]},{\"@type\":\"WebSite\",\"@id\":\"https:\\\/\\\/k-p-praezisionstechnik.de\\\/#website\",\"url\":\"https:\\\/\\\/k-p-praezisionstechnik.de\\\/\",\"name\":\"KP Pr\u00e4zisionstechnik\",\"description\":\"72574 Bad Urach\",\"potentialAction\":[{\"@type\":\"SearchAction\",\"target\":{\"@type\":\"EntryPoint\",\"urlTemplate\":\"https:\\\/\\\/k-p-praezisionstechnik.de\\\/?s={search_term_string}\"},\"query-input\":{\"@type\":\"PropertyValueSpecification\",\"valueRequired\":true,\"valueName\":\"search_term_string\"}}],\"inLanguage\":\"en-GB\"}]}<\/script>\n<!-- \/ Yoast SEO plugin. -->","yoast_head_json":{"title":"Maschinenpark - KP Pr\u00e4zisionstechnik","robots":{"index":"index","follow":"follow","max-snippet":"max-snippet:-1","max-image-preview":"max-image-preview:large","max-video-preview":"max-video-preview:-1"},"canonical":"https:\/\/k-p-praezisionstechnik.de\/en\/maschinenpark\/","og_locale":"en_GB","og_type":"article","og_title":"Maschinenpark - KP Pr\u00e4zisionstechnik","og_url":"https:\/\/k-p-praezisionstechnik.de\/en\/maschinenpark\/","og_site_name":"KP Pr\u00e4zisionstechnik","article_modified_time":"2020-01-27T15:29:06+00:00","twitter_card":"summary_large_image","twitter_misc":{"Estimated reading time":"4 minutes"},"schema":{"@context":"https:\/\/schema.org","@graph":[{"@type":"WebPage","@id":"https:\/\/k-p-praezisionstechnik.de\/maschinenpark\/","url":"https:\/\/k-p-praezisionstechnik.de\/maschinenpark\/","name":"Maschinenpark - KP Pr\u00e4zisionstechnik","isPartOf":{"@id":"https:\/\/k-p-praezisionstechnik.de\/#website"},"datePublished":"2020-01-27T15:23:50+00:00","dateModified":"2020-01-27T15:29:06+00:00","breadcrumb":{"@id":"https:\/\/k-p-praezisionstechnik.de\/maschinenpark\/#breadcrumb"},"inLanguage":"en-GB","potentialAction":[{"@type":"ReadAction","target":["https:\/\/k-p-praezisionstechnik.de\/maschinenpark\/"]}]},{"@type":"BreadcrumbList","@id":"https:\/\/k-p-praezisionstechnik.de\/maschinenpark\/#breadcrumb","itemListElement":[{"@type":"ListItem","position":1,"name":"Startseite","item":"https:\/\/k-p-praezisionstechnik.de\/"},{"@type":"ListItem","position":2,"name":"Maschinenpark"}]},{"@type":"WebSite","@id":"https:\/\/k-p-praezisionstechnik.de\/#website","url":"https:\/\/k-p-praezisionstechnik.de\/","name":"KP Pr\u00e4zisionstechnik","description":"72574 Bad Urach","potentialAction":[{"@type":"SearchAction","target":{"@type":"EntryPoint","urlTemplate":"https:\/\/k-p-praezisionstechnik.de\/?s={search_term_string}"},"query-input":{"@type":"PropertyValueSpecification","valueRequired":true,"valueName":"search_term_string"}}],"inLanguage":"en-GB"}]}},"_links":{"self":[{"href":"https:\/\/k-p-praezisionstechnik.de\/en\/wp-json\/wp\/v2\/pages\/1125","targetHints":{"allow":["GET"]}}],"collection":[{"href":"https:\/\/k-p-praezisionstechnik.de\/en\/wp-json\/wp\/v2\/pages"}],"about":[{"href":"https:\/\/k-p-praezisionstechnik.de\/en\/wp-json\/wp\/v2\/types\/page"}],"author":[{"embeddable":true,"href":"https:\/\/k-p-praezisionstechnik.de\/en\/wp-json\/wp\/v2\/users\/1"}],"replies":[{"embeddable":true,"href":"https:\/\/k-p-praezisionstechnik.de\/en\/wp-json\/wp\/v2\/comments?post=1125"}],"version-history":[{"count":7,"href":"https:\/\/k-p-praezisionstechnik.de\/en\/wp-json\/wp\/v2\/pages\/1125\/revisions"}],"predecessor-version":[{"id":1139,"href":"https:\/\/k-p-praezisionstechnik.de\/en\/wp-json\/wp\/v2\/pages\/1125\/revisions\/1139"}],"wp:attachment":[{"href":"https:\/\/k-p-praezisionstechnik.de\/en\/wp-json\/wp\/v2\/media?parent=1125"}],"curies":[{"name":"wp","href":"https:\/\/api.w.org\/{rel}","templated":true}]}}