{"id":2,"date":"2019-12-06T13:15:56","date_gmt":"2019-12-06T12:15:56","guid":{"rendered":"http:\/\/k-p-praezisionstechnik.de\/?page_id=2"},"modified":"2026-03-04T16:25:06","modified_gmt":"2026-03-04T15:25:06","slug":"beispiel-seite","status":"publish","type":"page","link":"https:\/\/k-p-praezisionstechnik.de\/en\/","title":{"rendered":"Home"},"content":{"rendered":"<div data-vc-full-width=\"true\" data-vc-full-width-init=\"false\" data-vc-stretch-content=\"true\" class=\"vc_row wpb_row vc_row-fluid home wide-intro intro-row-200 vc_row-o-content-middle vc_row-flex\"><div class=\"wpb_column vc_column_container vc_col-sm-12\"><div class=\"vc_column-inner\"><div class=\"wpb_wrapper\"><div class=\"vc_empty_space\"   style=\"height: 90px\"><span class=\"vc_empty_space_inner\"><\/span><\/div><\/div><\/div><\/div><\/div><div class=\"vc_row-full-width vc_clearfix\"><\/div><div data-vc-full-width=\"true\" data-vc-full-width-init=\"false\" data-vc-stretch-content=\"true\" class=\"vc_row wpb_row vc_row-fluid home wide-intro intro-row-200 vc_custom_1579508968688 vc_row-has-fill vc_row-o-content-middle vc_row-flex\"><div class=\"wpb_column vc_column_container vc_col-sm-12\"><div class=\"vc_column-inner\"><div class=\"wpb_wrapper\"><div class=\"vc_empty_space\"   style=\"height: 200px\"><span class=\"vc_empty_space_inner\"><\/span><\/div>\n\t<div class=\"wpb_text_column wpb_content_element\" >\n\t\t<div class=\"wpb_wrapper\">\n\t\t\t<h1 style=\"text-align: center; padding-left: 50px; padding-right: 50px;\"><span style=\"color: #ffffff;\">K &amp; P PR\u00c4ZISIONSTECHNIK<\/span><\/h1>\n\n\t\t<\/div>\n\t<\/div>\n<div class=\"vc_empty_space\"   style=\"height: 200px\"><span class=\"vc_empty_space_inner\"><\/span><\/div><\/div><\/div><\/div><\/div><div class=\"vc_row-full-width vc_clearfix\"><\/div><div data-vc-full-width=\"true\" data-vc-full-width-init=\"false\" data-vc-stretch-content=\"true\" class=\"vc_row wpb_row vc_row-fluid vc_row-no-padding vc_row-o-equal-height vc_row-o-content-middle vc_row-flex\"><div class=\"wpb_column vc_column_container vc_col-sm-2\"><div class=\"vc_column-inner\"><div class=\"wpb_wrapper\"><\/div><\/div><\/div><div class=\"wpb_column vc_column_container vc_col-sm-8\"><div class=\"vc_column-inner\"><div class=\"wpb_wrapper\"><div class=\"vc_empty_space\"   style=\"height: 30px\"><span class=\"vc_empty_space_inner\"><\/span><\/div>\n\t<div class=\"wpb_text_column wpb_content_element\" >\n\t\t<div class=\"wpb_wrapper\">\n\t\t\t<h2 style=\"text-align: center;\"><span style=\"color: #333333;\">K und P Pr\u00e4zisionstechnik<\/span><\/h2>\n\n\t\t<\/div>\n\t<\/div>\n<div class=\"vc_separator wpb_content_element vc_separator_align_center vc_sep_width_100 vc_sep_pos_align_center vc_separator_no_text\" ><span class=\"vc_sep_holder vc_sep_holder_l\"><span  style=\"border-color:#aaaaaa;\" class=\"vc_sep_line\"><\/span><\/span><span class=\"vc_sep_holder vc_sep_holder_r\"><span  style=\"border-color:#aaaaaa;\" class=\"vc_sep_line\"><\/span><\/span>\n<\/div>\n\t<div class=\"wpb_text_column wpb_content_element\" >\n\t\t<div class=\"wpb_wrapper\">\n\t\t\t<p style=\"text-align-last: center; text-align: justify; padding-left: 20px; padding-right: 20px;\"><span style=\"color: #333333;\">K und P Pr\u00e4zisionstechnik is a young, dynamic company based in Bad Urach in Baden-W\u00fcrttemberg. We are partners and suppliers for customers from various industries. We specialize in supply in the areas of automotive, scanning systems, electrical engineering, medical technology as well as aerospace technology.<\/span><\/p>\n<p style=\"text-align-last: center; text-align: justify; padding-left: 20px; padding-right: 20px;\"><span style=\"color: #333333;\">With our manufacturing locations in southern Europe, we produce and sell, among other things, precision turned parts and precision milled parts, which are mainly intended for the European market. <\/span><span style=\"color: #333333;\">Thanks to our own employees who have the necessary qualifications and technical expertise, we can guarantee fast production in accordance with German quality standards. <\/span>Our customers benefit from our broad know-how, many years of experience in the areas of CNC milling, CNC turning, measuring technology and contract manufacturing.<\/p>\n\n\t\t<\/div>\n\t<\/div>\n\n\t<div class=\"wpb_text_column wpb_content_element\" >\n\t\t<div class=\"wpb_wrapper\">\n\t\t\t<h2 style=\"text-align-last: center; text-align: justify; padding-left: 20px; padding-right: 20px;\"><span style=\"color: #993300;\">We are ISO 9001: 2015 certified<\/span><\/h2>\n\n\t\t<\/div>\n\t<\/div>\n\n\t<div class=\"wpb_text_column wpb_content_element\" >\n\t\t<div class=\"wpb_wrapper\">\n\t\t\t<p style=\"text-align-last: center; text-align: justify; padding-left: 20px; padding-right: 20px;\"><span style=\"color: #333333;\">With us, short decision-making processes and fast communication meet high flexibility. This offers the customer a great advantage in the event of short-term changes to the orders. Our customers appreciate this, which is also the basis for smooth, fast and professional order processing.<\/span><\/p>\n<p style=\"text-align-last: center; text-align: justify; padding-left: 20px; padding-right: 20px;\"><span style=\"color: #333333;\">K und P Pr\u00e4zisionstechnik offers fair prices even for medium to small quantities, short delivery times even for prototypes, and the possibility of realizing large-scale orders without problems.<\/span><span style=\"color: #333333;\"> Benefit from economy, flexibility and top quality.<\/span><\/p>\n\n\t\t<\/div>\n\t<\/div>\n<div class=\"vc_empty_space\"   style=\"height: 30px\"><span class=\"vc_empty_space_inner\"><\/span><\/div><\/div><\/div><\/div><\/div><div class=\"vc_row-full-width vc_clearfix\"><\/div><div data-vc-full-width=\"true\" data-vc-full-width-init=\"false\" data-vc-stretch-content=\"true\" class=\"vc_row wpb_row vc_row-fluid vc_custom_1579509223054 vc_row-has-fill vc_row-no-padding vc_row-o-equal-height vc_row-o-content-middle vc_row-flex\"><div class=\"wpb_column vc_column_container vc_col-sm-2\"><div class=\"vc_column-inner\"><div class=\"wpb_wrapper\"><\/div><\/div><\/div><div class=\"wpb_column vc_column_container vc_col-sm-8\"><div class=\"vc_column-inner\"><div class=\"wpb_wrapper\"><div class=\"vc_empty_space\"   style=\"height: 30px\"><span class=\"vc_empty_space_inner\"><\/span><\/div>\n\t<div class=\"wpb_text_column wpb_content_element\" >\n\t\t<div class=\"wpb_wrapper\">\n\t\t\t<h2 style=\"text-align: center;\"><span style=\"color: #333333;\">Materials<\/span><\/h2>\n\n\t\t<\/div>\n\t<\/div>\n<div class=\"vc_separator wpb_content_element vc_separator_align_center vc_sep_width_100 vc_sep_pos_align_center vc_separator_no_text\" ><span class=\"vc_sep_holder vc_sep_holder_l\"><span  style=\"border-color:#aaaaaa;\" class=\"vc_sep_line\"><\/span><\/span><span class=\"vc_sep_holder vc_sep_holder_r\"><span  style=\"border-color:#aaaaaa;\" class=\"vc_sep_line\"><\/span><\/span>\n<\/div>\n\t<div class=\"wpb_text_column wpb_content_element\" >\n\t\t<div class=\"wpb_wrapper\">\n\t\t\t<p style=\"text-align-last: center; text-align: justify; padding-left: 20px; padding-right: 20px;\"><span style=\"color: #333333;\">The materials: steel, stainless steel, aluminum, brass, copper and plastic are processed flexibly and precisely in CNC milling and CNC turning with coordinate-based controls.<\/span><\/p>\n\n\t\t<\/div>\n\t<\/div>\n<div class=\"vc_empty_space\"   style=\"height: 30px\"><span class=\"vc_empty_space_inner\"><\/span><\/div><\/div><\/div><\/div><\/div><div class=\"vc_row-full-width vc_clearfix\"><\/div><div data-vc-full-width=\"true\" data-vc-full-width-init=\"false\" class=\"vc_row wpb_row vc_row-fluid vc_custom_1579600045452 vc_row-has-fill\"><div class=\"wpb_column vc_column_container vc_col-sm-3\"><div class=\"vc_column-inner\"><div class=\"wpb_wrapper\"><\/div><\/div><\/div><div class=\"wpb_column vc_column_container vc_col-sm-6\"><div class=\"vc_column-inner\"><div class=\"wpb_wrapper\"><div class=\"vc_empty_space\"   style=\"height: 30px\"><span class=\"vc_empty_space_inner\"><\/span><\/div>\n\t<div class=\"wpb_text_column wpb_content_element\" >\n\t\t<div class=\"wpb_wrapper\">\n\t\t\t<div style=\"position: relative;\">\n<h2 id=\"kontakt\" class=\"anchor\" style=\"position: absolute; top: -200px;\"><\/h2>\n<h2 class=\"mein_text\" style=\"text-align: center;\"><span style=\"color: #ffffff;\">Contact<\/span><\/h2>\n<\/div>\n\n\t\t<\/div>\n\t<\/div>\n<div class=\"vc_separator wpb_content_element vc_separator_align_center vc_sep_width_100 vc_sep_pos_align_center vc_separator_no_text\" ><span class=\"vc_sep_holder vc_sep_holder_l\"><span  style=\"border-color:#aaaaaa;\" class=\"vc_sep_line\"><\/span><\/span><span class=\"vc_sep_holder vc_sep_holder_r\"><span  style=\"border-color:#aaaaaa;\" class=\"vc_sep_line\"><\/span><\/span>\n<\/div>\n\t<div class=\"wpb_text_column wpb_content_element\" >\n\t\t<div class=\"wpb_wrapper\">\n\t\t\t<h2 style=\"text-align: center;\"><span style=\"color: #ffffff;\"><span style=\"font-size: 18pt;\">K-P \u2013 Pr\u00e4zisionstechnik<\/span><\/span><\/h2>\n<p style=\"text-align: center;\"><span style=\"font-size: 14pt; color: #ffffff;\">Breitensteinstrasse 27<\/span><\/p>\n<p style=\"text-align: center;\"><span style=\"font-size: 14pt; color: #ffffff;\">72574 Bad Urach<\/span><\/p>\n<p style=\"text-align: center;\"><span style=\"color: #ffffff;\"><a style=\"color: #ffffff;\" href=\"mailto:info@k-p-praezisionstechnik.de\"><span style=\"font-size: 14pt;\">info@k-p-praezisionstechnik.de<\/span><\/a><\/span><\/p>\n<p style=\"text-align: center;\"><span style=\"font-size: 14pt; color: #ffffff;\">Tel.: <a style=\"color: #ffffff;\" href=\"tel:+491749166098\">+49 174 9166098 <\/a><\/span><\/p>\n\n\t\t<\/div>\n\t<\/div>\n<div class=\"vc_separator wpb_content_element vc_separator_align_center vc_sep_width_100 vc_sep_pos_align_center vc_separator_no_text vc_sep_color_grey\" ><span class=\"vc_sep_holder vc_sep_holder_l\"><span  class=\"vc_sep_line\"><\/span><\/span><span class=\"vc_sep_holder vc_sep_holder_r\"><span  class=\"vc_sep_line\"><\/span><\/span>\n<\/div>\n\t<div class=\"wpb_text_column wpb_content_element\" >\n\t\t<div class=\"wpb_wrapper\">\n\t\t\t<p style=\"text-align: center;\"><span style=\"font-size: 14pt; color: #ffffff;\">We would be pleased if you contact us. Call us, write us an email or contact us using the contact form.<\/span><\/p>\n<p style=\"text-align: center;\"><span style=\"font-size: 14pt; color: #ffffff;\">We will process your request as soon as possible and get in touch with you.<\/span><\/p>\n\n\t\t<\/div>\n\t<\/div>\n\n<div class=\"wpcf7 no-js\" id=\"wpcf7-f5-o1\" lang=\"de-DE\" dir=\"ltr\" data-wpcf7-id=\"5\">\n<div class=\"screen-reader-response\"><p role=\"status\" aria-live=\"polite\" aria-atomic=\"true\"><\/p> <ul><\/ul><\/div>\n<form action=\"\/en\/wp-json\/wp\/v2\/pages\/2#wpcf7-f5-o1\" method=\"post\" class=\"wpcf7-form init\" aria-label=\"Kontaktformular\" novalidate=\"novalidate\" data-status=\"init\" data-trp-original-action=\"\/en\/wp-json\/wp\/v2\/pages\/2#wpcf7-f5-o1\">\n<fieldset class=\"hidden-fields-container\"><input type=\"hidden\" name=\"_wpcf7\" value=\"5\" \/><input type=\"hidden\" name=\"_wpcf7_version\" value=\"6.1.5\" \/><input type=\"hidden\" name=\"_wpcf7_locale\" value=\"de_DE\" \/><input type=\"hidden\" name=\"_wpcf7_unit_tag\" value=\"wpcf7-f5-o1\" \/><input type=\"hidden\" name=\"_wpcf7_container_post\" value=\"0\" \/><input type=\"hidden\" name=\"_wpcf7_posted_data_hash\" value=\"\" \/>\n<\/fieldset>\n<p><label> Name *<br \/>\n<span class=\"wpcf7-form-control-wrap\" data-name=\"your-name\"><input size=\"40\" maxlength=\"400\" class=\"wpcf7-form-control wpcf7-text wpcf7-validates-as-required\" aria-required=\"true\" aria-invalid=\"false\" value=\"\" type=\"text\" name=\"your-name\" \/><\/span> <\/label>\n<\/p>\n<p><span id=\"wpcf7-6a04b59c67af6-wrapper\" class=\"wpcf7-form-control-wrap your-prename-wrap\" style=\"display:none !important; visibility:hidden !important;\"><label for=\"wpcf7-6a04b59c67af6-field\" class=\"hp-message\">Bitte lasse dieses Feld leer.<\/label><input id=\"wpcf7-6a04b59c67af6-field\"  class=\"wpcf7-form-control wpcf7-text\" type=\"text\" name=\"your-prename\" value=\"\" size=\"40\" tabindex=\"-1\" autocomplete=\"new-password\" \/><\/span>\n<\/p>\n<p><label> E-Mail *<br \/>\n<span class=\"wpcf7-form-control-wrap\" data-name=\"your-email\"><input size=\"40\" maxlength=\"400\" class=\"wpcf7-form-control wpcf7-email wpcf7-validates-as-required wpcf7-text wpcf7-validates-as-email\" aria-required=\"true\" aria-invalid=\"false\" value=\"\" type=\"email\" name=\"your-email\" \/><\/span> <\/label>\n<\/p>\n<p><span id=\"wpcf7-6a04b59c67b3d-wrapper\" class=\"wpcf7-form-control-wrap your-phone-wrap\" style=\"display:none !important; visibility:hidden !important;\"><label for=\"wpcf7-6a04b59c67b3d-field\" class=\"hp-message\">Bitte lasse dieses Feld leer.<\/label><input id=\"wpcf7-6a04b59c67b3d-field\"  class=\"wpcf7-form-control wpcf7-text\" type=\"text\" name=\"your-phone\" value=\"\" size=\"40\" tabindex=\"-1\" autocomplete=\"new-password\" \/><\/span>\n<\/p>\n<p><label> Subject<br \/>\n<span class=\"wpcf7-form-control-wrap\" data-name=\"your-subject\"><input size=\"40\" maxlength=\"400\" class=\"wpcf7-form-control wpcf7-text\" aria-invalid=\"false\" value=\"\" type=\"text\" name=\"your-subject\" \/><\/span> <\/label>\n<\/p>\n<p><label> Message<br \/>\n<span class=\"wpcf7-form-control-wrap\" data-name=\"your-message\"><textarea cols=\"40\" rows=\"10\" maxlength=\"2000\" class=\"wpcf7-form-control wpcf7-textarea\" aria-invalid=\"false\" name=\"your-message\"><\/textarea><\/span> <\/label>\n<\/p>\n<p style=\"color:#fff;\">By clicking on the send button below, you agree that we will process your data in accordance with ours <a style=\"color:#fff;\" href=\"https:\/\/k-p-praezisionstechnik.de\/en\/datenschutzerklaerung\/\"><u>Privacy policy<\/u><\/a> process.\n<\/p>\n<p><input class=\"wpcf7-form-control wpcf7-submit has-spinner\" id=\"Button1\" type=\"submit\" value=\"Send\" \/>\n<\/p><div class=\"wpcf7-response-output\" aria-hidden=\"true\"><\/div>\n<input type=\"hidden\" name=\"trp-form-language\" value=\"en\"\/><\/form>\n<\/div>\n<\/div><\/div><\/div><div class=\"wpb_column vc_column_container vc_col-sm-2\"><div class=\"vc_column-inner\"><div class=\"wpb_wrapper\"><\/div><\/div><\/div><\/div><div class=\"vc_row-full-width vc_clearfix\"><\/div>","protected":false},"excerpt":{"rendered":"K &amp; P PR\u00c4ZISIONSTECHNIK K und P Pr\u00e4zisionstechnik K und P Pr\u00e4zisionstechnik ist ein junges, dynamisches Unternehmen mit Sitz im baden-w\u00fcrttembergischen Bad Urach. Wir sind Partner und Zulieferer f\u00fcr Kunden aus verschiedenen Branchen. Spezialisiert sind wir auf die Zulieferung in den Bereichen Automotive, Scannsysteme, E-Technik, Medizintechnik sowie Luft- und Raumfahrttechnik. Mit unseren Fertigungsstandorten im s\u00fcdeurop\u00e4ischen [...]","protected":false},"author":1,"featured_media":0,"parent":0,"menu_order":0,"comment_status":"closed","ping_status":"open","template":"fullwidth-page.php","meta":{"footnotes":""},"class_list":["post-2","page","type-page","status-publish","hentry"],"yoast_head":"<!-- This site is optimized with the Yoast SEO plugin v27.4 - https:\/\/yoast.com\/product\/yoast-seo-wordpress\/ -->\n<title>Home - KP Pr\u00e4zisionstechnik<\/title>\n<meta name=\"robots\" content=\"index, follow, max-snippet:-1, max-image-preview:large, max-video-preview:-1\" \/>\n<link rel=\"canonical\" href=\"https:\/\/k-p-praezisionstechnik.de\/en\/\" \/>\n<meta property=\"og:locale\" content=\"en_GB\" \/>\n<meta property=\"og:type\" content=\"article\" \/>\n<meta property=\"og:title\" content=\"Home - KP Pr\u00e4zisionstechnik\" \/>\n<meta property=\"og:url\" content=\"https:\/\/k-p-praezisionstechnik.de\/en\/\" \/>\n<meta property=\"og:site_name\" content=\"KP Pr\u00e4zisionstechnik\" \/>\n<meta property=\"article:modified_time\" content=\"2026-03-04T15:25:06+00:00\" \/>\n<meta name=\"twitter:card\" content=\"summary_large_image\" \/>\n<meta name=\"twitter:label1\" content=\"Estimated reading time\" \/>\n\t<meta name=\"twitter:data1\" content=\"2 minutes\" \/>\n<script type=\"application\/ld+json\" class=\"yoast-schema-graph\">{\"@context\":\"https:\\\/\\\/schema.org\",\"@graph\":[{\"@type\":\"WebPage\",\"@id\":\"https:\\\/\\\/k-p-praezisionstechnik.de\\\/\",\"url\":\"https:\\\/\\\/k-p-praezisionstechnik.de\\\/\",\"name\":\"Home - KP Pr\u00e4zisionstechnik\",\"isPartOf\":{\"@id\":\"https:\\\/\\\/k-p-praezisionstechnik.de\\\/#website\"},\"datePublished\":\"2019-12-06T12:15:56+00:00\",\"dateModified\":\"2026-03-04T15:25:06+00:00\",\"breadcrumb\":{\"@id\":\"https:\\\/\\\/k-p-praezisionstechnik.de\\\/#breadcrumb\"},\"inLanguage\":\"en-GB\",\"potentialAction\":[{\"@type\":\"ReadAction\",\"target\":[\"https:\\\/\\\/k-p-praezisionstechnik.de\\\/\"]}]},{\"@type\":\"BreadcrumbList\",\"@id\":\"https:\\\/\\\/k-p-praezisionstechnik.de\\\/#breadcrumb\",\"itemListElement\":[{\"@type\":\"ListItem\",\"position\":1,\"name\":\"Startseite\",\"item\":\"https:\\\/\\\/k-p-praezisionstechnik.de\\\/\"},{\"@type\":\"ListItem\",\"position\":2,\"name\":\"Home\"}]},{\"@type\":\"WebSite\",\"@id\":\"https:\\\/\\\/k-p-praezisionstechnik.de\\\/#website\",\"url\":\"https:\\\/\\\/k-p-praezisionstechnik.de\\\/\",\"name\":\"KP Pr\u00e4zisionstechnik\",\"description\":\"72574 Bad Urach\",\"potentialAction\":[{\"@type\":\"SearchAction\",\"target\":{\"@type\":\"EntryPoint\",\"urlTemplate\":\"https:\\\/\\\/k-p-praezisionstechnik.de\\\/?s={search_term_string}\"},\"query-input\":{\"@type\":\"PropertyValueSpecification\",\"valueRequired\":true,\"valueName\":\"search_term_string\"}}],\"inLanguage\":\"en-GB\"}]}<\/script>\n<!-- \/ Yoast SEO plugin. -->","yoast_head_json":{"title":"Home - KP Pr\u00e4zisionstechnik","robots":{"index":"index","follow":"follow","max-snippet":"max-snippet:-1","max-image-preview":"max-image-preview:large","max-video-preview":"max-video-preview:-1"},"canonical":"https:\/\/k-p-praezisionstechnik.de\/en\/","og_locale":"en_GB","og_type":"article","og_title":"Home - KP Pr\u00e4zisionstechnik","og_url":"https:\/\/k-p-praezisionstechnik.de\/en\/","og_site_name":"KP Pr\u00e4zisionstechnik","article_modified_time":"2026-03-04T15:25:06+00:00","twitter_card":"summary_large_image","twitter_misc":{"Estimated reading time":"2 minutes"},"schema":{"@context":"https:\/\/schema.org","@graph":[{"@type":"WebPage","@id":"https:\/\/k-p-praezisionstechnik.de\/","url":"https:\/\/k-p-praezisionstechnik.de\/","name":"Home - KP Pr\u00e4zisionstechnik","isPartOf":{"@id":"https:\/\/k-p-praezisionstechnik.de\/#website"},"datePublished":"2019-12-06T12:15:56+00:00","dateModified":"2026-03-04T15:25:06+00:00","breadcrumb":{"@id":"https:\/\/k-p-praezisionstechnik.de\/#breadcrumb"},"inLanguage":"en-GB","potentialAction":[{"@type":"ReadAction","target":["https:\/\/k-p-praezisionstechnik.de\/"]}]},{"@type":"BreadcrumbList","@id":"https:\/\/k-p-praezisionstechnik.de\/#breadcrumb","itemListElement":[{"@type":"ListItem","position":1,"name":"Startseite","item":"https:\/\/k-p-praezisionstechnik.de\/"},{"@type":"ListItem","position":2,"name":"Home"}]},{"@type":"WebSite","@id":"https:\/\/k-p-praezisionstechnik.de\/#website","url":"https:\/\/k-p-praezisionstechnik.de\/","name":"KP Pr\u00e4zisionstechnik","description":"72574 Bad Urach","potentialAction":[{"@type":"SearchAction","target":{"@type":"EntryPoint","urlTemplate":"https:\/\/k-p-praezisionstechnik.de\/?s={search_term_string}"},"query-input":{"@type":"PropertyValueSpecification","valueRequired":true,"valueName":"search_term_string"}}],"inLanguage":"en-GB"}]}},"_links":{"self":[{"href":"https:\/\/k-p-praezisionstechnik.de\/en\/wp-json\/wp\/v2\/pages\/2","targetHints":{"allow":["GET"]}}],"collection":[{"href":"https:\/\/k-p-praezisionstechnik.de\/en\/wp-json\/wp\/v2\/pages"}],"about":[{"href":"https:\/\/k-p-praezisionstechnik.de\/en\/wp-json\/wp\/v2\/types\/page"}],"author":[{"embeddable":true,"href":"https:\/\/k-p-praezisionstechnik.de\/en\/wp-json\/wp\/v2\/users\/1"}],"replies":[{"embeddable":true,"href":"https:\/\/k-p-praezisionstechnik.de\/en\/wp-json\/wp\/v2\/comments?post=2"}],"version-history":[{"count":97,"href":"https:\/\/k-p-praezisionstechnik.de\/en\/wp-json\/wp\/v2\/pages\/2\/revisions"}],"predecessor-version":[{"id":1359,"href":"https:\/\/k-p-praezisionstechnik.de\/en\/wp-json\/wp\/v2\/pages\/2\/revisions\/1359"}],"wp:attachment":[{"href":"https:\/\/k-p-praezisionstechnik.de\/en\/wp-json\/wp\/v2\/media?parent=2"}],"curies":[{"name":"wp","href":"https:\/\/api.w.org\/{rel}","templated":true}]}}