{"id":940,"date":"2020-01-20T11:43:34","date_gmt":"2020-01-20T10:43:34","guid":{"rendered":"https:\/\/k-p-praezisionstechnik.de\/?page_id=940"},"modified":"2025-03-04T13:08:51","modified_gmt":"2025-03-04T12:08:51","slug":"lohnfertigung","status":"publish","type":"page","link":"https:\/\/k-p-praezisionstechnik.de\/en\/lohnfertigung\/","title":{"rendered":"Contract Manufacturing"},"content":{"rendered":"<div class=\"vc_row wpb_row vc_row-fluid\"><div class=\"wpb_column vc_column_container vc_col-sm-12\"><div class=\"vc_column-inner\"><div class=\"wpb_wrapper\"><div class=\"vc_empty_space\"   style=\"height: 90px\"><span class=\"vc_empty_space_inner\"><\/span><\/div><\/div><\/div><\/div><\/div><div data-vc-full-width=\"true\" data-vc-full-width-init=\"false\" data-vc-stretch-content=\"true\" class=\"vc_row wpb_row vc_row-fluid vc_custom_1579599576876 vc_row-has-fill\"><div class=\"wpb_column vc_column_container vc_col-sm-12\"><div class=\"vc_column-inner\"><div class=\"wpb_wrapper\"><div class=\"vc_empty_space\"   style=\"height: 150px\"><span class=\"vc_empty_space_inner\"><\/span><\/div>\n\t<div class=\"wpb_text_column wpb_content_element\" >\n\t\t<div class=\"wpb_wrapper\">\n\t\t\t<h1 style=\"text-align: center;\"><span style=\"color: #ffffff;\">Contract Manufacturing<\/span><\/h1>\n\n\t\t<\/div>\n\t<\/div>\n<div class=\"vc_empty_space\"   style=\"height: 150px\"><span class=\"vc_empty_space_inner\"><\/span><\/div><\/div><\/div><\/div><\/div><div class=\"vc_row-full-width vc_clearfix\"><\/div><div data-vc-full-width=\"true\" data-vc-full-width-init=\"false\" data-vc-stretch-content=\"true\" class=\"vc_row wpb_row vc_row-fluid vc_custom_1579517365086 vc_row-has-fill\"><div class=\"wpb_column vc_column_container vc_col-sm-3\"><div class=\"vc_column-inner\"><div class=\"wpb_wrapper\"><\/div><\/div><\/div><div class=\"wpb_column vc_column_container vc_col-sm-6\"><div class=\"vc_column-inner\"><div class=\"wpb_wrapper\">\n\t<div class=\"wpb_text_column wpb_content_element\" >\n\t\t<div class=\"wpb_wrapper\">\n\t\t\t<h2 style=\"text-align: left;\">CNC turning<\/h2>\n\n\t\t<\/div>\n\t<\/div>\n<div class=\"vc_separator wpb_content_element vc_separator_align_center vc_sep_width_100 vc_sep_pos_align_center vc_separator_no_text\" ><span class=\"vc_sep_holder vc_sep_holder_l\"><span  style=\"border-color:#555555;\" class=\"vc_sep_line\"><\/span><\/span><span class=\"vc_sep_holder vc_sep_holder_r\"><span  style=\"border-color:#555555;\" class=\"vc_sep_line\"><\/span><\/span>\n<\/div><div class=\"vc_empty_space\"   style=\"height: 40px\"><span class=\"vc_empty_space_inner\"><\/span><\/div>\n\t<div class=\"wpb_text_column wpb_content_element\" >\n\t\t<div class=\"wpb_wrapper\">\n\t\t\t<p>In the area of \u200b\u200bCNC turning, K und P Pr\u00e4zisionstechnik has powerful, computer-aided lathes with up to 3 axes for the finishing of complex contours. To ensure that the highest quality standards are met in series production, qualified specialists with many years of professional experience work at the CNC turning centers.<\/p>\n<p>&nbsp;<\/p>\n<p>Traub TNA 600<\/p>\n<p>Traub TNA 300<\/p>\n<p>Traub TNX 65\/42<\/p>\n\n\t\t<\/div>\n\t<\/div>\n<div class=\"vc_empty_space\"   style=\"height: 40px\"><span class=\"vc_empty_space_inner\"><\/span><\/div><\/div><\/div><\/div><div class=\"wpb_column vc_column_container vc_col-sm-12\"><div class=\"vc_column-inner\"><div class=\"wpb_wrapper\"><\/div><\/div><\/div><\/div><div class=\"vc_row-full-width vc_clearfix\"><\/div><div data-vc-full-width=\"true\" data-vc-full-width-init=\"false\" data-vc-stretch-content=\"true\" class=\"vc_row wpb_row vc_row-fluid vc_custom_1579602623013 vc_row-has-fill\"><div class=\"wpb_column vc_column_container vc_col-sm-3\"><div class=\"vc_column-inner\"><div class=\"wpb_wrapper\"><\/div><\/div><\/div><div class=\"wpb_column vc_column_container vc_col-sm-6\"><div class=\"vc_column-inner\"><div class=\"wpb_wrapper\">\n\t<div class=\"wpb_text_column wpb_content_element\" >\n\t\t<div class=\"wpb_wrapper\">\n\t\t\t<div style=\"position: relative;\">\n<h2 id=\"fraesen\" class=\"anchor\" style=\"position: absolute; top: -200px;\"><\/h2>\n<h2 class=\"mein_text\">CNC milling<\/h2>\n<\/div>\n\n\t\t<\/div>\n\t<\/div>\n<div class=\"vc_separator wpb_content_element vc_separator_align_center vc_sep_width_100 vc_sep_pos_align_center vc_separator_no_text\" ><span class=\"vc_sep_holder vc_sep_holder_l\"><span  style=\"border-color:#555555;\" class=\"vc_sep_line\"><\/span><\/span><span class=\"vc_sep_holder vc_sep_holder_r\"><span  style=\"border-color:#555555;\" class=\"vc_sep_line\"><\/span><\/span>\n<\/div><div class=\"vc_empty_space\"   style=\"height: 40px\"><span class=\"vc_empty_space_inner\"><\/span><\/div>\n\t<div class=\"wpb_text_column wpb_content_element\" >\n\t\t<div class=\"wpb_wrapper\">\n\t\t\t<p>With CNC milling, our modern machines are only programmed and controlled by experienced CNC specialists. With our milling machines, we can realize complete machining with up to 5 axes economically and in the highest quality. This has already resulted in opportunities that our customers did not even intend to use in this way.<\/p>\n<p>&nbsp;<\/p>\n<p><strong>MACHINE PARK<\/strong><\/p>\n<p>With our modern machines, the high precision required for precision mechanical assemblies in CNC milling can be achieved.<\/p>\n<p>&nbsp;<\/p>\n<p>&nbsp;<\/p>\n<table width=\"100%\">\n<thead>\n<tr>\n<td><strong>Machine<\/strong><\/td>\n<td><strong>Axes<\/strong><\/td>\n<td><strong>X<\/strong><\/td>\n<td><strong>Y<\/strong><\/td>\n<td><strong>Z<\/strong><\/td>\n<\/tr>\n<\/thead>\n<tbody>\n<tr>\n<td>HASS VF-3SS<\/td>\n<td>1<\/td>\n<td>1016<\/td>\n<td>508<\/td>\n<td>635<\/td>\n<\/tr>\n<tr>\n<td>HASS DM-1<\/td>\n<td>1<\/td>\n<td>508<\/td>\n<td>406<\/td>\n<td>394<\/td>\n<\/tr>\n<tr>\n<td>HAAS VM-3<\/td>\n<td>1<\/td>\n<td>1016<\/td>\n<td>660<\/td>\n<td>635<\/td>\n<\/tr>\n<tr>\n<td>HAAS \u00a0VM-6<\/td>\n<td>1<\/td>\n<td>1626<\/td>\n<td>813<\/td>\n<td>762<\/td>\n<\/tr>\n<tr>\n<td>HASS VF-F\/40<\/td>\n<td>1<\/td>\n<td>1626<\/td>\n<td>813<\/td>\n<td>762<\/td>\n<\/tr>\n<tr>\n<td>HASS UMC-750<\/td>\n<td>2<\/td>\n<td>762<\/td>\n<td>508<\/td>\n<td>508<\/td>\n<\/tr>\n<tr>\n<td>HASS VF-9\/40<\/td>\n<td>1<\/td>\n<td>2134<\/td>\n<td>1016<\/td>\n<td>762<\/td>\n<\/tr>\n<\/tbody>\n<\/table>\n\n\t\t<\/div>\n\t<\/div>\n<div class=\"vc_empty_space\"   style=\"height: 40px\"><span class=\"vc_empty_space_inner\"><\/span><\/div><\/div><\/div><\/div><div class=\"wpb_column vc_column_container vc_col-sm-12\"><div class=\"vc_column-inner\"><div class=\"wpb_wrapper\"><\/div><\/div><\/div><\/div><div class=\"vc_row-full-width vc_clearfix\"><\/div>","protected":false},"excerpt":{"rendered":"Lohnfertigung CNC Drehen Im Bereich CNC-Drehen verf\u00fcgt K und P Pr\u00e4zisionstechnik \u00fcber leistungsstarke, computergest\u00fctzte Drehmaschinen mit bis zu 3 Achsen, zur Fertigbearbeitung komplexer Konturen. Um die Erf\u00fcllung h\u00f6chster Qualit\u00e4tsstandards bei der Serienproduktion sicherzustellen, arbeiten an den CNC-Drehzentren qualifizierte Fachkr\u00e4fte mit jahrelanger Berufserfahrung. &nbsp; Traub TNA 600 Traub TNA 300 Traub TNX 65\/42 CNC Fr\u00e4sen Beim [...]","protected":false},"author":1,"featured_media":0,"parent":0,"menu_order":0,"comment_status":"closed","ping_status":"closed","template":"fullwidth-page.php","meta":{"footnotes":""},"class_list":["post-940","page","type-page","status-publish","hentry"],"yoast_head":"<!-- This site is optimized with the Yoast SEO plugin v27.4 - https:\/\/yoast.com\/product\/yoast-seo-wordpress\/ -->\n<title>Lohnfertigung - KP Pr\u00e4zisionstechnik<\/title>\n<meta name=\"robots\" content=\"index, follow, max-snippet:-1, max-image-preview:large, max-video-preview:-1\" \/>\n<link rel=\"canonical\" href=\"https:\/\/k-p-praezisionstechnik.de\/en\/lohnfertigung\/\" \/>\n<meta property=\"og:locale\" content=\"en_GB\" \/>\n<meta property=\"og:type\" content=\"article\" \/>\n<meta property=\"og:title\" content=\"Lohnfertigung - KP Pr\u00e4zisionstechnik\" \/>\n<meta property=\"og:url\" content=\"https:\/\/k-p-praezisionstechnik.de\/en\/lohnfertigung\/\" \/>\n<meta property=\"og:site_name\" content=\"KP Pr\u00e4zisionstechnik\" \/>\n<meta property=\"article:modified_time\" content=\"2025-03-04T12:08:51+00:00\" \/>\n<meta name=\"twitter:card\" content=\"summary_large_image\" \/>\n<meta name=\"twitter:label1\" content=\"Estimated reading time\" \/>\n\t<meta name=\"twitter:data1\" content=\"2 minutes\" \/>\n<script type=\"application\/ld+json\" class=\"yoast-schema-graph\">{\"@context\":\"https:\\\/\\\/schema.org\",\"@graph\":[{\"@type\":\"WebPage\",\"@id\":\"https:\\\/\\\/k-p-praezisionstechnik.de\\\/lohnfertigung\\\/\",\"url\":\"https:\\\/\\\/k-p-praezisionstechnik.de\\\/lohnfertigung\\\/\",\"name\":\"Lohnfertigung - KP Pr\u00e4zisionstechnik\",\"isPartOf\":{\"@id\":\"https:\\\/\\\/k-p-praezisionstechnik.de\\\/#website\"},\"datePublished\":\"2020-01-20T10:43:34+00:00\",\"dateModified\":\"2025-03-04T12:08:51+00:00\",\"breadcrumb\":{\"@id\":\"https:\\\/\\\/k-p-praezisionstechnik.de\\\/lohnfertigung\\\/#breadcrumb\"},\"inLanguage\":\"en-GB\",\"potentialAction\":[{\"@type\":\"ReadAction\",\"target\":[\"https:\\\/\\\/k-p-praezisionstechnik.de\\\/lohnfertigung\\\/\"]}]},{\"@type\":\"BreadcrumbList\",\"@id\":\"https:\\\/\\\/k-p-praezisionstechnik.de\\\/lohnfertigung\\\/#breadcrumb\",\"itemListElement\":[{\"@type\":\"ListItem\",\"position\":1,\"name\":\"Startseite\",\"item\":\"https:\\\/\\\/k-p-praezisionstechnik.de\\\/\"},{\"@type\":\"ListItem\",\"position\":2,\"name\":\"Lohnfertigung\"}]},{\"@type\":\"WebSite\",\"@id\":\"https:\\\/\\\/k-p-praezisionstechnik.de\\\/#website\",\"url\":\"https:\\\/\\\/k-p-praezisionstechnik.de\\\/\",\"name\":\"KP Pr\u00e4zisionstechnik\",\"description\":\"72574 Bad Urach\",\"potentialAction\":[{\"@type\":\"SearchAction\",\"target\":{\"@type\":\"EntryPoint\",\"urlTemplate\":\"https:\\\/\\\/k-p-praezisionstechnik.de\\\/?s={search_term_string}\"},\"query-input\":{\"@type\":\"PropertyValueSpecification\",\"valueRequired\":true,\"valueName\":\"search_term_string\"}}],\"inLanguage\":\"en-GB\"}]}<\/script>\n<!-- \/ Yoast SEO plugin. -->","yoast_head_json":{"title":"Lohnfertigung - KP Pr\u00e4zisionstechnik","robots":{"index":"index","follow":"follow","max-snippet":"max-snippet:-1","max-image-preview":"max-image-preview:large","max-video-preview":"max-video-preview:-1"},"canonical":"https:\/\/k-p-praezisionstechnik.de\/en\/lohnfertigung\/","og_locale":"en_GB","og_type":"article","og_title":"Lohnfertigung - KP Pr\u00e4zisionstechnik","og_url":"https:\/\/k-p-praezisionstechnik.de\/en\/lohnfertigung\/","og_site_name":"KP Pr\u00e4zisionstechnik","article_modified_time":"2025-03-04T12:08:51+00:00","twitter_card":"summary_large_image","twitter_misc":{"Estimated reading time":"2 minutes"},"schema":{"@context":"https:\/\/schema.org","@graph":[{"@type":"WebPage","@id":"https:\/\/k-p-praezisionstechnik.de\/lohnfertigung\/","url":"https:\/\/k-p-praezisionstechnik.de\/lohnfertigung\/","name":"Lohnfertigung - KP Pr\u00e4zisionstechnik","isPartOf":{"@id":"https:\/\/k-p-praezisionstechnik.de\/#website"},"datePublished":"2020-01-20T10:43:34+00:00","dateModified":"2025-03-04T12:08:51+00:00","breadcrumb":{"@id":"https:\/\/k-p-praezisionstechnik.de\/lohnfertigung\/#breadcrumb"},"inLanguage":"en-GB","potentialAction":[{"@type":"ReadAction","target":["https:\/\/k-p-praezisionstechnik.de\/lohnfertigung\/"]}]},{"@type":"BreadcrumbList","@id":"https:\/\/k-p-praezisionstechnik.de\/lohnfertigung\/#breadcrumb","itemListElement":[{"@type":"ListItem","position":1,"name":"Startseite","item":"https:\/\/k-p-praezisionstechnik.de\/"},{"@type":"ListItem","position":2,"name":"Lohnfertigung"}]},{"@type":"WebSite","@id":"https:\/\/k-p-praezisionstechnik.de\/#website","url":"https:\/\/k-p-praezisionstechnik.de\/","name":"KP Pr\u00e4zisionstechnik","description":"72574 Bad Urach","potentialAction":[{"@type":"SearchAction","target":{"@type":"EntryPoint","urlTemplate":"https:\/\/k-p-praezisionstechnik.de\/?s={search_term_string}"},"query-input":{"@type":"PropertyValueSpecification","valueRequired":true,"valueName":"search_term_string"}}],"inLanguage":"en-GB"}]}},"_links":{"self":[{"href":"https:\/\/k-p-praezisionstechnik.de\/en\/wp-json\/wp\/v2\/pages\/940","targetHints":{"allow":["GET"]}}],"collection":[{"href":"https:\/\/k-p-praezisionstechnik.de\/en\/wp-json\/wp\/v2\/pages"}],"about":[{"href":"https:\/\/k-p-praezisionstechnik.de\/en\/wp-json\/wp\/v2\/types\/page"}],"author":[{"embeddable":true,"href":"https:\/\/k-p-praezisionstechnik.de\/en\/wp-json\/wp\/v2\/users\/1"}],"replies":[{"embeddable":true,"href":"https:\/\/k-p-praezisionstechnik.de\/en\/wp-json\/wp\/v2\/comments?post=940"}],"version-history":[{"count":31,"href":"https:\/\/k-p-praezisionstechnik.de\/en\/wp-json\/wp\/v2\/pages\/940\/revisions"}],"predecessor-version":[{"id":1352,"href":"https:\/\/k-p-praezisionstechnik.de\/en\/wp-json\/wp\/v2\/pages\/940\/revisions\/1352"}],"wp:attachment":[{"href":"https:\/\/k-p-praezisionstechnik.de\/en\/wp-json\/wp\/v2\/media?parent=940"}],"curies":[{"name":"wp","href":"https:\/\/api.w.org\/{rel}","templated":true}]}}